{"id":6,"date":"2017-01-05T16:06:09","date_gmt":"2017-01-05T16:06:09","guid":{"rendered":"http:\/\/malatelier-ulla-attenberger.eu\/?page_id=6"},"modified":"2021-01-16T16:21:51","modified_gmt":"2021-01-16T16:21:51","slug":"startseite","status":"publish","type":"page","link":"https:\/\/malatelier-ulla-attenberger.eu\/","title":{"rendered":"Ein Pl\u00e4doyer f\u00fcrs Zeichnen"},"content":{"rendered":"\n<figure class=\"wp-block-image size-medium is-style-default\"><img loading=\"lazy\" decoding=\"async\" width=\"300\" height=\"225\" src=\"https:\/\/malatelier-ulla-attenberger.eu\/wp-content\/uploads\/2017\/01\/SAM_5570-300x225.jpg\" alt=\"\" class=\"wp-image-22\" srcset=\"https:\/\/malatelier-ulla-attenberger.eu\/wp-content\/uploads\/2017\/01\/SAM_5570-300x225.jpg 300w, https:\/\/malatelier-ulla-attenberger.eu\/wp-content\/uploads\/2017\/01\/SAM_5570-768x576.jpg 768w, https:\/\/malatelier-ulla-attenberger.eu\/wp-content\/uploads\/2017\/01\/SAM_5570-1024x768.jpg 1024w, https:\/\/malatelier-ulla-attenberger.eu\/wp-content\/uploads\/2017\/01\/SAM_5570.jpg 2048w\" sizes=\"auto, (max-width: 300px) 100vw, 300px\" \/><\/figure>\n\n\n\n<blockquote class=\"wp-block-quote is-layout-flow wp-block-quote-is-layout-flow\"><p>Das Zeichenerfinden und Zeichensetzen beginnt, wenn der Mensch \u00fcber das Lebensnotwendige hinausgeht. &#8222;Der Urzeitmensch, der Naturmensch, das Kind, sie alle zeichnen&#8220;<\/p><\/blockquote>\n\n\n\n<p>Es wird von der eigent\u00fcmlich heilenden Wirkung dieser Besch\u00e4ftigung gesprochen. Zeichnende schaffen etwas Neues &#8211; statt nur zu konsumieren.<\/p>\n\n\n\n<p>&#8222;Das Gestalten nach der Natur erfordert ein genaues Hinschauen &#8211; nach dem Motto: Kunst gibt nicht das Sichtbare wieder, sondern macht sichtbar&#8220; (nach P. Klee).<\/p>\n\n\n\n<p>Und nicht zuletzt das Wichtigste: Zeichnen macht Freude!!<\/p>\n\n\n\n<figure class=\"wp-block-gallery columns-2 is-cropped wp-block-gallery-1 is-layout-flex wp-block-gallery-is-layout-flex\"><ul class=\"blocks-gallery-grid\"><li class=\"blocks-gallery-item\"><figure><img loading=\"lazy\" decoding=\"async\" width=\"225\" height=\"300\" src=\"http:\/\/malatelier-ulla-attenberger.eu\/wp-content\/uploads\/2021\/01\/IMG_20201030_092202-225x300.jpg\" alt=\"\" data-id=\"297\" data-full-url=\"http:\/\/malatelier-ulla-attenberger.eu\/wp-content\/uploads\/2021\/01\/IMG_20201030_092202-scaled.jpg\" data-link=\"http:\/\/malatelier-ulla-attenberger.eu\/?attachment_id=297\" class=\"wp-image-297\" srcset=\"https:\/\/malatelier-ulla-attenberger.eu\/wp-content\/uploads\/2021\/01\/IMG_20201030_092202-225x300.jpg 225w, https:\/\/malatelier-ulla-attenberger.eu\/wp-content\/uploads\/2021\/01\/IMG_20201030_092202-768x1024.jpg 768w, https:\/\/malatelier-ulla-attenberger.eu\/wp-content\/uploads\/2021\/01\/IMG_20201030_092202-1152x1536.jpg 1152w, https:\/\/malatelier-ulla-attenberger.eu\/wp-content\/uploads\/2021\/01\/IMG_20201030_092202-1536x2048.jpg 1536w, https:\/\/malatelier-ulla-attenberger.eu\/wp-content\/uploads\/2021\/01\/IMG_20201030_092202-scaled.jpg 1920w\" sizes=\"auto, (max-width: 225px) 100vw, 225px\" \/><\/figure><\/li><li class=\"blocks-gallery-item\"><figure><img loading=\"lazy\" decoding=\"async\" width=\"300\" height=\"205\" src=\"http:\/\/malatelier-ulla-attenberger.eu\/wp-content\/uploads\/2021\/01\/IMG_20201129_100740-300x205.jpg\" alt=\"\" data-id=\"300\" data-full-url=\"http:\/\/malatelier-ulla-attenberger.eu\/wp-content\/uploads\/2021\/01\/IMG_20201129_100740-scaled.jpg\" data-link=\"http:\/\/malatelier-ulla-attenberger.eu\/?attachment_id=300\" class=\"wp-image-300\" srcset=\"https:\/\/malatelier-ulla-attenberger.eu\/wp-content\/uploads\/2021\/01\/IMG_20201129_100740-300x205.jpg 300w, https:\/\/malatelier-ulla-attenberger.eu\/wp-content\/uploads\/2021\/01\/IMG_20201129_100740-1024x701.jpg 1024w, https:\/\/malatelier-ulla-attenberger.eu\/wp-content\/uploads\/2021\/01\/IMG_20201129_100740-768x526.jpg 768w, https:\/\/malatelier-ulla-attenberger.eu\/wp-content\/uploads\/2021\/01\/IMG_20201129_100740-1536x1051.jpg 1536w, https:\/\/malatelier-ulla-attenberger.eu\/wp-content\/uploads\/2021\/01\/IMG_20201129_100740-2048x1401.jpg 2048w\" sizes=\"auto, (max-width: 300px) 100vw, 300px\" \/><\/figure><\/li><\/ul><\/figure>\n\n\n\n<blockquote class=\"wp-block-quote is-layout-flow wp-block-quote-is-layout-flow\"><p>&#8222;Eine einfache Kreislinie mit ein paar Strichen ringsum \u2013 und die Sonne ist in unserem Besitz. Wir k\u00f6nnen \u00fcber sie verf\u00fcgen und so geht es mit allem, was in und um uns vorhanden ist. Die \u00e4ltesten Berichte von Vorg\u00e4ngen sind Bilder, denn erst war Bild und dann war Schrift, die anf\u00e4nglich stets als Bilderschrift auftritt. Der Mensch denkt, redet und tr\u00e4umt in Bildern&#8220; (nach Prof. Ulrich, 1963)<\/p><\/blockquote>\n\n\n\n<p><\/p>\n","protected":false},"excerpt":{"rendered":"<p>Das Zeichenerfinden und Zeichensetzen beginnt, wenn der Mensch \u00fcber das Lebensnotwendige hinausgeht. &#8222;Der Urzeitmensch, der Naturmensch, das Kind, sie alle zeichnen&#8220; Es wird von der eigent\u00fcmlich heilenden Wirkung dieser Besch\u00e4ftigung gesprochen. Zeichnende schaffen etwas Neues &#8211; statt nur zu konsumieren. &#8222;Das Gestalten nach der Natur erfordert ein genaues Hinschauen &#8211; nach dem Motto: Kunst gibt &hellip; <a href=\"https:\/\/malatelier-ulla-attenberger.eu\/\" class=\"more-link\"><span class=\"screen-reader-text\">Ein Pl\u00e4doyer f\u00fcrs Zeichnen<\/span> weiterlesen<\/a><\/p>\n","protected":false},"author":1,"featured_media":0,"parent":0,"menu_order":0,"comment_status":"closed","ping_status":"closed","template":"","meta":{"footnotes":""},"class_list":["post-6","page","type-page","status-publish","hentry"],"_links":{"self":[{"href":"https:\/\/malatelier-ulla-attenberger.eu\/index.php?rest_route=\/wp\/v2\/pages\/6","targetHints":{"allow":["GET"]}}],"collection":[{"href":"https:\/\/malatelier-ulla-attenberger.eu\/index.php?rest_route=\/wp\/v2\/pages"}],"about":[{"href":"https:\/\/malatelier-ulla-attenberger.eu\/index.php?rest_route=\/wp\/v2\/types\/page"}],"author":[{"embeddable":true,"href":"https:\/\/malatelier-ulla-attenberger.eu\/index.php?rest_route=\/wp\/v2\/users\/1"}],"replies":[{"embeddable":true,"href":"https:\/\/malatelier-ulla-attenberger.eu\/index.php?rest_route=%2Fwp%2Fv2%2Fcomments&post=6"}],"version-history":[{"count":17,"href":"https:\/\/malatelier-ulla-attenberger.eu\/index.php?rest_route=\/wp\/v2\/pages\/6\/revisions"}],"predecessor-version":[{"id":330,"href":"https:\/\/malatelier-ulla-attenberger.eu\/index.php?rest_route=\/wp\/v2\/pages\/6\/revisions\/330"}],"wp:attachment":[{"href":"https:\/\/malatelier-ulla-attenberger.eu\/index.php?rest_route=%2Fwp%2Fv2%2Fmedia&parent=6"}],"curies":[{"name":"wp","href":"https:\/\/api.w.org\/{rel}","templated":true}]}}