{"id":343,"date":"2022-09-11T14:15:31","date_gmt":"2022-09-11T14:15:31","guid":{"rendered":"https:\/\/malatelier-ulla-attenberger.eu\/?page_id=343"},"modified":"2025-07-12T10:50:49","modified_gmt":"2025-07-12T10:50:49","slug":"aktuelles","status":"publish","type":"page","link":"https:\/\/malatelier-ulla-attenberger.eu\/?page_id=343","title":{"rendered":"Aktuelles"},"content":{"rendered":"\n<p><strong>Home-Atelier<\/strong><\/p>\n\n\n\n<p>Seit 2020 biete ich in Kooperation mit der VHS Konstanz montags von 18:15 bis 20:45 Uhr Online-Zeichen- und Malunterricht im Home-Atelier an.<\/p>\n\n\n\n<p>Ein Forum f\u00fcr alle, die den Feierabend ohne lange Wege in netter Gesellschaft verbringen und kreativ ausklingen lassen m\u00f6chten.<\/p>\n\n\n\n<p>In unseren gesch\u00fctzten Malr\u00e4umen sind wir digital verbunden, sehen einander beim Zeichnen, tauschen Ideen aus \u2013 auch per WhatsApp \u2013 und inspirieren uns gegenseitig bei der Motivwahl und Umsetzung.<\/p>\n\n\n\n<p>Die Anmeldung geht \u00fcber die <a href=\"https:\/\/www.vhs-landkreis-konstanz.de\/ueber-uns\/unsere-dozenten\/dozent\/Attenberger-Ulla\/8216?dsnr=8216&amp;Fsize=1&amp;kathaupt=213&amp;wb%5Balready%5D%5Bdecoded%5D=done&amp;cHash=dad2f9731cd174fbf5a9adf63d6c67d2\">VHS Konstanz<\/a>.<\/p>\n\n\n\n<figure class=\"wp-block-image size-large is-resized\"><img loading=\"lazy\" decoding=\"async\" width=\"801\" height=\"1024\" src=\"https:\/\/malatelier-ulla-attenberger.eu\/wp-content\/uploads\/2022\/09\/IMG_20220706_183959-801x1024.jpg\" alt=\"\" class=\"wp-image-352\" style=\"width:309px;height:394px\" srcset=\"https:\/\/malatelier-ulla-attenberger.eu\/wp-content\/uploads\/2022\/09\/IMG_20220706_183959-801x1024.jpg 801w, https:\/\/malatelier-ulla-attenberger.eu\/wp-content\/uploads\/2022\/09\/IMG_20220706_183959-235x300.jpg 235w, https:\/\/malatelier-ulla-attenberger.eu\/wp-content\/uploads\/2022\/09\/IMG_20220706_183959-768x982.jpg 768w, https:\/\/malatelier-ulla-attenberger.eu\/wp-content\/uploads\/2022\/09\/IMG_20220706_183959-1202x1536.jpg 1202w, https:\/\/malatelier-ulla-attenberger.eu\/wp-content\/uploads\/2022\/09\/IMG_20220706_183959-1602x2048.jpg 1602w, https:\/\/malatelier-ulla-attenberger.eu\/wp-content\/uploads\/2022\/09\/IMG_20220706_183959-scaled.jpg 2003w\" sizes=\"auto, (max-width: 801px) 100vw, 801px\" \/><figcaption class=\"wp-element-caption\">dav<\/figcaption><\/figure>\n\n\n\n<p><strong>Malen in Pr\u00e4senz in Konstanz und auf der Reichenau<\/strong><\/p>\n\n\n\n<p>F\u00fcr Kinder, Jugendliche &amp; Erwachsene<\/p>\n\n\n\n<p>Im Fr\u00fchling und Sommer biete ich Pr\u00e4senzkurse an der <strong>VHS Konstanz<\/strong> f\u00fcr alle Altersgruppen an \u2013 vom Grundschulalter bis ins Erwachsenenalter.<\/p>\n\n\n\n<p><strong>Kursangebote:<\/strong><br>\u2013 Ferienkurse f\u00fcr Kinder und Jugendliche (7\u201317 Jahre)<br>\u2003\u2003\u2022 auch auf der Reichenau \u2013 Infos \u00fcber die Tourist Information<br>\u2013 Workshops in den Sommerferien f\u00fcr Kinder<\/p>\n\n\n\n<p>\u2013 Workshops f\u00fcr Erwachsene<\/p>\n\n\n\n<p>Anmeldung und Termine findest du direkt bei der <strong>VHS Konstanz<\/strong>.<\/p>\n\n\n\n<figure class=\"wp-block-image size-large is-resized\"><img loading=\"lazy\" decoding=\"async\" width=\"907\" height=\"1024\" src=\"https:\/\/malatelier-ulla-attenberger.eu\/wp-content\/uploads\/2022\/09\/IMG_20220522_192111-907x1024.jpg\" alt=\"\" class=\"wp-image-353\" style=\"width:324px;height:366px\" srcset=\"https:\/\/malatelier-ulla-attenberger.eu\/wp-content\/uploads\/2022\/09\/IMG_20220522_192111-907x1024.jpg 907w, https:\/\/malatelier-ulla-attenberger.eu\/wp-content\/uploads\/2022\/09\/IMG_20220522_192111-266x300.jpg 266w, https:\/\/malatelier-ulla-attenberger.eu\/wp-content\/uploads\/2022\/09\/IMG_20220522_192111-768x867.jpg 768w, https:\/\/malatelier-ulla-attenberger.eu\/wp-content\/uploads\/2022\/09\/IMG_20220522_192111-1361x1536.jpg 1361w, https:\/\/malatelier-ulla-attenberger.eu\/wp-content\/uploads\/2022\/09\/IMG_20220522_192111-1815x2048.jpg 1815w\" sizes=\"auto, (max-width: 907px) 100vw, 907px\" \/><figcaption class=\"wp-element-caption\">dav<\/figcaption><\/figure>\n\n\n\n<p><strong>El Cabrito, La Gomera: Malen &amp; Ausstellung<\/strong> <\/p>\n\n\n\n<p>Die Malkurse im Hotel Finca El Cabrito, La Gomera finden wieder in der Zeit um Pfingsten, Anfang Juni statt. Weitere Informationen auf der <a href=\"https:\/\/malatelier-ulla-attenberger.eu\/?page_id=115\" data-type=\"page\" data-id=\"115\">Webseite <\/a>und unter der Seite des <a href=\"http:\/\/www.elcabrito.es\" data-type=\"link\" data-id=\"www.elcabrito.es\">Hotels<\/a>. Bei Interesse schreiben Sie mir gerne direkt eine Mail an:<br>u.attenberger@gmail.com<\/p>\n\n\n\n<figure class=\"wp-block-image size-large is-resized\"><img loading=\"lazy\" decoding=\"async\" width=\"768\" height=\"1024\" src=\"https:\/\/malatelier-ulla-attenberger.eu\/wp-content\/uploads\/2022\/09\/IMG_20220704_142531-768x1024.jpg\" alt=\"\" class=\"wp-image-354\" style=\"width:335px;height:446px\" srcset=\"https:\/\/malatelier-ulla-attenberger.eu\/wp-content\/uploads\/2022\/09\/IMG_20220704_142531-768x1024.jpg 768w, https:\/\/malatelier-ulla-attenberger.eu\/wp-content\/uploads\/2022\/09\/IMG_20220704_142531-225x300.jpg 225w, https:\/\/malatelier-ulla-attenberger.eu\/wp-content\/uploads\/2022\/09\/IMG_20220704_142531-1152x1536.jpg 1152w, https:\/\/malatelier-ulla-attenberger.eu\/wp-content\/uploads\/2022\/09\/IMG_20220704_142531-1536x2048.jpg 1536w, https:\/\/malatelier-ulla-attenberger.eu\/wp-content\/uploads\/2022\/09\/IMG_20220704_142531-scaled.jpg 1920w\" sizes=\"auto, (max-width: 768px) 100vw, 768px\" \/><\/figure>\n","protected":false},"excerpt":{"rendered":"<p>Home-Atelier Seit 2020 biete ich in Kooperation mit der VHS Konstanz montags von 18:15 bis 20:45 Uhr Online-Zeichen- und Malunterricht im Home-Atelier an. Ein Forum f\u00fcr alle, die den Feierabend ohne lange Wege in netter Gesellschaft verbringen und kreativ ausklingen lassen m\u00f6chten. In unseren gesch\u00fctzten Malr\u00e4umen sind wir digital verbunden, sehen einander beim Zeichnen, tauschen &hellip; <a href=\"https:\/\/malatelier-ulla-attenberger.eu\/?page_id=343\" class=\"more-link\"><span class=\"screen-reader-text\">Aktuelles<\/span> weiterlesen<\/a><\/p>\n","protected":false},"author":1,"featured_media":0,"parent":0,"menu_order":0,"comment_status":"open","ping_status":"closed","template":"","meta":{"footnotes":""},"class_list":["post-343","page","type-page","status-publish","hentry"],"_links":{"self":[{"href":"https:\/\/malatelier-ulla-attenberger.eu\/index.php?rest_route=\/wp\/v2\/pages\/343","targetHints":{"allow":["GET"]}}],"collection":[{"href":"https:\/\/malatelier-ulla-attenberger.eu\/index.php?rest_route=\/wp\/v2\/pages"}],"about":[{"href":"https:\/\/malatelier-ulla-attenberger.eu\/index.php?rest_route=\/wp\/v2\/types\/page"}],"author":[{"embeddable":true,"href":"https:\/\/malatelier-ulla-attenberger.eu\/index.php?rest_route=\/wp\/v2\/users\/1"}],"replies":[{"embeddable":true,"href":"https:\/\/malatelier-ulla-attenberger.eu\/index.php?rest_route=%2Fwp%2Fv2%2Fcomments&post=343"}],"version-history":[{"count":6,"href":"https:\/\/malatelier-ulla-attenberger.eu\/index.php?rest_route=\/wp\/v2\/pages\/343\/revisions"}],"predecessor-version":[{"id":387,"href":"https:\/\/malatelier-ulla-attenberger.eu\/index.php?rest_route=\/wp\/v2\/pages\/343\/revisions\/387"}],"wp:attachment":[{"href":"https:\/\/malatelier-ulla-attenberger.eu\/index.php?rest_route=%2Fwp%2Fv2%2Fmedia&parent=343"}],"curies":[{"name":"wp","href":"https:\/\/api.w.org\/{rel}","templated":true}]}}