{"id":115,"date":"2017-01-07T21:48:37","date_gmt":"2017-01-07T21:48:37","guid":{"rendered":"http:\/\/malatelier-ulla-attenberger.eu\/?page_id=115"},"modified":"2025-07-12T11:00:04","modified_gmt":"2025-07-12T11:00:04","slug":"aquarelle-und-zeichnen-auf-la-gomera-kanarische-inseln","status":"publish","type":"page","link":"https:\/\/malatelier-ulla-attenberger.eu\/?page_id=115","title":{"rendered":"Atelier auf La Gomera"},"content":{"rendered":"<h3 data-start=\"140\" data-end=\"213\"><strong data-start=\"144\" data-end=\"211\">Malkurse auf La Gomera \u2013 Kreative Auszeit unter s\u00fcdlicher Sonne<\/strong><\/h3>\n<p data-start=\"214\" data-end=\"297\"><strong data-start=\"214\" data-end=\"297\">Zeichnen, Aquarellieren &amp; Kalligraphie in der ersten Juniwoche auf <em data-start=\"283\" data-end=\"295\">El Cabrito<\/em><\/strong><\/p>\n<p data-start=\"299\" data-end=\"623\">In der milden W\u00e4rme und dem klaren Licht des S\u00fcdens entstehen im Freien \u2013 im Schatten von Oleanderb\u00fcschen und Mangob\u00e4umen \u2013 ganz pers\u00f6nliche, kreative Werke. Wir zeichnen, aquarellieren und experimentieren mit allem, was uns interessiert: Naturmotive vor Ort, Portr\u00e4ts aus der Kunstgeschichte oder freie, abstrakte Formen.<\/p>\n<p data-start=\"625\" data-end=\"754\">Mit leichtem Material in der Maltasche lassen sich hier oft gro\u00dfe Schritte machen \u2013 ganz ohne Druck, aber mit viel Inspiration.<\/p>\n<p data-start=\"756\" data-end=\"869\">Ein erfahrener K\u00fcnstler bietet zus\u00e4tzlich eine leichte, spannende Einf\u00fchrung in die klassische Kalligraphie an.<\/p>\n<p data-start=\"871\" data-end=\"1021\"><strong data-start=\"871\" data-end=\"892\">Bitte mitbringen:<\/strong> Skizzenblock, Bleistifte, Aquarellfarben o.\u202f\u00c4.<br data-start=\"939\" data-end=\"942\" \/>Kunstgeschichtliche Vorlagen und B\u00fccher stehen in gro\u00dfer Auswahl zur Verf\u00fcgung.<br \/>\n<strong data-start=\"246\" data-end=\"256\">Preis:<\/strong> 280 \u20ac pro Woche<br data-start=\"272\" data-end=\"275\" \/>(<em data-start=\"276\" data-end=\"299\">exklusive Hotelkosten<\/em>)<\/p>\n<p data-start=\"871\" data-end=\"1021\">Ort: Hotel Finca El Cabrito, Termine gerne auf Anfrage \u2013 in der Regel finden die Kurse Anfang Juni statt.<br \/>\nAnmeldung bitte per Mail oder telefonisch:<br \/>\nE-Mail: u.attenberger@gmail.com<br \/>\nTelefon: +49 (0) 160 979 26155<\/p>\n<p>Weitere Informationen \u00fcber das Hotel gibt es hier: <a href=\"http:\/\/www.elcabrito.es\" target=\"_blank\" rel=\"noopener\">http:\/\/www.elcabrito.es<\/a><\/p>\n<div id='gallery-1' class='gallery galleryid-115 gallery-columns-2 gallery-size-large'><figure class='gallery-item'>\n\t\t\t<div class='gallery-icon landscape'>\n\t\t\t\t<img loading=\"lazy\" decoding=\"async\" width=\"660\" height=\"495\" src=\"https:\/\/malatelier-ulla-attenberger.eu\/wp-content\/uploads\/2025\/07\/IMG_2372-1-1024x768.jpeg\" class=\"attachment-large size-large\" alt=\"\" srcset=\"https:\/\/malatelier-ulla-attenberger.eu\/wp-content\/uploads\/2025\/07\/IMG_2372-1-1024x768.jpeg 1024w, https:\/\/malatelier-ulla-attenberger.eu\/wp-content\/uploads\/2025\/07\/IMG_2372-1-300x225.jpeg 300w, https:\/\/malatelier-ulla-attenberger.eu\/wp-content\/uploads\/2025\/07\/IMG_2372-1-768x576.jpeg 768w, https:\/\/malatelier-ulla-attenberger.eu\/wp-content\/uploads\/2025\/07\/IMG_2372-1.jpeg 1280w\" sizes=\"auto, (max-width: 660px) 100vw, 660px\" \/>\n\t\t\t<\/div><\/figure><figure class='gallery-item'>\n\t\t\t<div class='gallery-icon landscape'>\n\t\t\t\t<img loading=\"lazy\" decoding=\"async\" width=\"660\" height=\"495\" src=\"https:\/\/malatelier-ulla-attenberger.eu\/wp-content\/uploads\/2025\/07\/IMG_2043-EFFECTS-1-1024x768.jpg\" class=\"attachment-large size-large\" alt=\"\" srcset=\"https:\/\/malatelier-ulla-attenberger.eu\/wp-content\/uploads\/2025\/07\/IMG_2043-EFFECTS-1-1024x768.jpg 1024w, https:\/\/malatelier-ulla-attenberger.eu\/wp-content\/uploads\/2025\/07\/IMG_2043-EFFECTS-1-300x225.jpg 300w, https:\/\/malatelier-ulla-attenberger.eu\/wp-content\/uploads\/2025\/07\/IMG_2043-EFFECTS-1-768x576.jpg 768w, https:\/\/malatelier-ulla-attenberger.eu\/wp-content\/uploads\/2025\/07\/IMG_2043-EFFECTS-1-1536x1152.jpg 1536w, https:\/\/malatelier-ulla-attenberger.eu\/wp-content\/uploads\/2025\/07\/IMG_2043-EFFECTS-1-2048x1536.jpg 2048w\" sizes=\"auto, (max-width: 660px) 100vw, 660px\" \/>\n\t\t\t<\/div><\/figure><figure class='gallery-item'>\n\t\t\t<div class='gallery-icon portrait'>\n\t\t\t\t<img loading=\"lazy\" decoding=\"async\" width=\"660\" height=\"880\" src=\"https:\/\/malatelier-ulla-attenberger.eu\/wp-content\/uploads\/2025\/07\/IMG_1982-1-768x1024.jpg\" class=\"attachment-large size-large\" alt=\"\" srcset=\"https:\/\/malatelier-ulla-attenberger.eu\/wp-content\/uploads\/2025\/07\/IMG_1982-1-768x1024.jpg 768w, https:\/\/malatelier-ulla-attenberger.eu\/wp-content\/uploads\/2025\/07\/IMG_1982-1-225x300.jpg 225w, https:\/\/malatelier-ulla-attenberger.eu\/wp-content\/uploads\/2025\/07\/IMG_1982-1-1152x1536.jpg 1152w, https:\/\/malatelier-ulla-attenberger.eu\/wp-content\/uploads\/2025\/07\/IMG_1982-1-1536x2048.jpg 1536w, https:\/\/malatelier-ulla-attenberger.eu\/wp-content\/uploads\/2025\/07\/IMG_1982-1-scaled.jpg 1920w\" sizes=\"auto, (max-width: 660px) 100vw, 660px\" \/>\n\t\t\t<\/div><\/figure><figure class='gallery-item'>\n\t\t\t<div class='gallery-icon portrait'>\n\t\t\t\t<img loading=\"lazy\" decoding=\"async\" width=\"660\" height=\"916\" src=\"https:\/\/malatelier-ulla-attenberger.eu\/wp-content\/uploads\/2025\/07\/IMG_2367-1-738x1024.jpg\" class=\"attachment-large size-large\" alt=\"\" srcset=\"https:\/\/malatelier-ulla-attenberger.eu\/wp-content\/uploads\/2025\/07\/IMG_2367-1-738x1024.jpg 738w, https:\/\/malatelier-ulla-attenberger.eu\/wp-content\/uploads\/2025\/07\/IMG_2367-1-216x300.jpg 216w, https:\/\/malatelier-ulla-attenberger.eu\/wp-content\/uploads\/2025\/07\/IMG_2367-1-768x1065.jpg 768w, https:\/\/malatelier-ulla-attenberger.eu\/wp-content\/uploads\/2025\/07\/IMG_2367-1-1107x1536.jpg 1107w, https:\/\/malatelier-ulla-attenberger.eu\/wp-content\/uploads\/2025\/07\/IMG_2367-1-1477x2048.jpg 1477w, https:\/\/malatelier-ulla-attenberger.eu\/wp-content\/uploads\/2025\/07\/IMG_2367-1-scaled.jpg 1846w\" sizes=\"auto, (max-width: 660px) 100vw, 660px\" \/>\n\t\t\t<\/div><\/figure>\n\t\t<\/div>\n\n","protected":false},"excerpt":{"rendered":"<p>Malkurse auf La Gomera \u2013 Kreative Auszeit unter s\u00fcdlicher Sonne Zeichnen, Aquarellieren &amp; Kalligraphie in der ersten Juniwoche auf El Cabrito In der milden W\u00e4rme und dem klaren Licht des S\u00fcdens entstehen im Freien \u2013 im Schatten von Oleanderb\u00fcschen und Mangob\u00e4umen \u2013 ganz pers\u00f6nliche, kreative Werke. Wir zeichnen, aquarellieren und experimentieren mit allem, was uns &hellip; <a href=\"https:\/\/malatelier-ulla-attenberger.eu\/?page_id=115\" class=\"more-link\"><span class=\"screen-reader-text\">Atelier auf La Gomera<\/span> weiterlesen<\/a><\/p>\n","protected":false},"author":2,"featured_media":205,"parent":0,"menu_order":3,"comment_status":"closed","ping_status":"closed","template":"","meta":{"footnotes":""},"class_list":["post-115","page","type-page","status-publish","has-post-thumbnail","hentry"],"_links":{"self":[{"href":"https:\/\/malatelier-ulla-attenberger.eu\/index.php?rest_route=\/wp\/v2\/pages\/115","targetHints":{"allow":["GET"]}}],"collection":[{"href":"https:\/\/malatelier-ulla-attenberger.eu\/index.php?rest_route=\/wp\/v2\/pages"}],"about":[{"href":"https:\/\/malatelier-ulla-attenberger.eu\/index.php?rest_route=\/wp\/v2\/types\/page"}],"author":[{"embeddable":true,"href":"https:\/\/malatelier-ulla-attenberger.eu\/index.php?rest_route=\/wp\/v2\/users\/2"}],"replies":[{"embeddable":true,"href":"https:\/\/malatelier-ulla-attenberger.eu\/index.php?rest_route=%2Fwp%2Fv2%2Fcomments&post=115"}],"version-history":[{"count":33,"href":"https:\/\/malatelier-ulla-attenberger.eu\/index.php?rest_route=\/wp\/v2\/pages\/115\/revisions"}],"predecessor-version":[{"id":388,"href":"https:\/\/malatelier-ulla-attenberger.eu\/index.php?rest_route=\/wp\/v2\/pages\/115\/revisions\/388"}],"wp:featuredmedia":[{"embeddable":true,"href":"https:\/\/malatelier-ulla-attenberger.eu\/index.php?rest_route=\/wp\/v2\/media\/205"}],"wp:attachment":[{"href":"https:\/\/malatelier-ulla-attenberger.eu\/index.php?rest_route=%2Fwp%2Fv2%2Fmedia&parent=115"}],"curies":[{"name":"wp","href":"https:\/\/api.w.org\/{rel}","templated":true}]}}