{"id":10,"date":"2017-01-05T16:17:49","date_gmt":"2017-01-05T16:17:49","guid":{"rendered":"http:\/\/malatelier-ulla-attenberger.eu\/?page_id=10"},"modified":"2021-01-16T16:25:59","modified_gmt":"2021-01-16T16:25:59","slug":"vorstellung","status":"publish","type":"page","link":"https:\/\/malatelier-ulla-attenberger.eu\/?page_id=10","title":{"rendered":"Vorstellung"},"content":{"rendered":"<p><img loading=\"lazy\" decoding=\"async\" class=\"wp-image-27 size-medium\" src=\"http:\/\/malatelier-ulla-attenberger.eu\/wp-content\/uploads\/2017\/01\/20161210_163921-e1483635446351-169x300.jpg\" width=\"169\" height=\"300\" srcset=\"https:\/\/malatelier-ulla-attenberger.eu\/wp-content\/uploads\/2017\/01\/20161210_163921-e1483635446351-169x300.jpg 169w, https:\/\/malatelier-ulla-attenberger.eu\/wp-content\/uploads\/2017\/01\/20161210_163921-e1483635446351-768x1365.jpg 768w, https:\/\/malatelier-ulla-attenberger.eu\/wp-content\/uploads\/2017\/01\/20161210_163921-e1483635446351-576x1024.jpg 576w\" sizes=\"auto, (max-width: 169px) 100vw, 169px\" \/><\/p>\n<p style=\"text-align: left;\"><strong>Ich bin Ulla Attenberger, freiberufliche K\u00fcnstlerin, Zeichen- und Mallehrerin.<\/strong><\/p>\n<p style=\"text-align: left;\">Aktuell arbeite ich vor allem im Atelier an der Gestaltung von Portraits \u2013 zeichnerisch und in \u00d6l.<\/p>\n<p style=\"text-align: left;\">Dieses Projekt umfasst ber\u00fchmte Pers\u00f6nlichkeiten aus der Kunst, Literatur und Politik wie Albert Camus, Hannah Arendt, Willy Brandt und Winston Churchill.<\/p>\n<p style=\"text-align: left;\">In mehr als 20 Jahren habe ich ein breites Spektrum von<a href=\"https:\/\/malatelier-ulla-attenberger.eu\/?page_id=135\"> <strong>Zeichnungen<\/strong>, <strong>Aquarellen<\/strong> und <strong>\u00d6lgem\u00e4lden<\/strong><\/a> angefertigt, das vor allem Portraits, aber auch Landschaften umfasst. Mein Zeichenstil lehnt sich an die alten Meister: u.a. Da Vinci, Albrecht D\u00fcrer, Jean-Auguste-Dominique Ingres, sowie Matisse, Van Gogh und die Expressionisten an.<\/p>\n<p style=\"text-align: left;\">Meine <strong>Ausstellungen <\/strong>in Berlin und S\u00fcddeutschland liefen und laufen parallel zu meiner p\u00e4dagogischen Arbeit in Schulen, Volkshochschulen und im eigenen Atelier von 1994 bis heute:<\/p>\n<p>1995 Atelier auf La Gomera: Aquarelle und Portraits<br \/>\n1995 Ballettschule Ilona Schierlitz, Berlin: Balletteusen<br \/>\n1996 Blickfang Kleinmachnow, Berlin: Portraits, Stillleben<br \/>\n19967 Schwarzsche Villa, Berlin: Portraits<br \/>\n1998 Kinderkunst-Ausstellung auf La Gomera<br \/>\n1998-2010 Wechselausstellungen im Atelierhaus Lotzestrasse, Berlin<br \/>\n2010 Ausstellung Therapiezentrum am Schlo\u00dfparktheater, Berlin: Portraits<br \/>\n2010 Werkschau in den Goertzh\u00f6fen, Berlin<br \/>\n2012 Galerie VHS Konstanz: Werkschau der letzten 15 Jahre<br \/>\n2014 Galerie VHS Radolfzell:Werkschau mit Stars der 60-iger Jahre<br \/>\n2018 Galerie VHS Konstanz: Werkschau mit Stilleben und Portraits<br \/>\n2020 Ausstellung im Neuen Atelier, Berlin: Portraits<\/p>\n<p style=\"text-align: left;\">Schon fr\u00fch begann meine Neugierde f\u00fcr das Zeichnen. Am K\u00fcchentisch meines Vaters lernte ich schon als Kind die Grundfertigkeiten. W\u00e4hrend meines Studiums bin ich einer <strong>freien K\u00fcnstlergruppe<\/strong> in Heidelberg beigetreten. Dort haben wir t\u00e4glich unterschiedliche k\u00fcnstlerische Formen studiert und praktiziert. Mein Kunststudium setzte sich in N\u00fcrnberg, Berlin, Wien, M\u00fcnchen und auf La Gomera fort.<\/p>\n<p style=\"text-align: left;\">1994 habe ich mein erstes eigenes<strong> offenes Malatelier<\/strong> in Berlin geschaffen. Zus\u00e4tzlich habe ich unter anderem mit <strong>Museen, Schulen und Volkshochschulen<\/strong> in Berlin, St. Gallen, Friedrichshafen und Konstanz zusammengearbeitet:<\/p>\n<p>1994 Gr\u00fcndung: Malatelier Ulla Attenberger, Berlin<br \/>\n1998 Malprojekte an der Clemens-Brentano-Grundschule, Berlin<br \/>\n1998 Zusammenarbeit mit den Staatlichen Museen im Verein Jugend im Museum, Berlin<br \/>\n1998 Zusammenarbeit mit dem Br\u00fccke-Museum und dem Botanischen Garten, Berlin<br \/>\n2000 Ferienmalkurse f\u00fcr Kinder, VHS Zehlendorf<br \/>\n2002 Zeichenunterricht an der John F.Kennedy-Schule, Berlin<br \/>\n2005 Kunsttherapie an der Justizsvollzugsanstalt f\u00fcr Frauen, Berlin<br \/>\n2006 Kunstprojekte an der Rheingau-Schule, Gymnasium Berlin<br \/>\n2010 Ferienkurse Dom\u00e4ne Dahlem, Freilichtmuseum, Berlin<br \/>\n2011 Projekte an der Sachsenwaldgrundschule, Berlin<\/p>\n<p>2012-2020 Malatelier Ulla Attenberger, \u00dcberlingen<br \/>\n2012 Kurse f\u00fcr Kinder und Erwachsene an der VHS Konstanz, VHS Friedrichshafen<br \/>\n2016 Zeichenunterricht an der Migros Klubschule, St Gallen<br \/>\n2019 Vortr\u00e4ge zur Kunstgeschichte: Klimt und Matisse, VHS Konstanz<\/p>\n<p>seit 2020 Malatelier Ulla Attenberger, Berlin<\/p>\n","protected":false},"excerpt":{"rendered":"<p>Ich bin Ulla Attenberger, freiberufliche K\u00fcnstlerin, Zeichen- und Mallehrerin. Aktuell arbeite ich vor allem im Atelier an der Gestaltung von Portraits \u2013 zeichnerisch und in \u00d6l. Dieses Projekt umfasst ber\u00fchmte Pers\u00f6nlichkeiten aus der Kunst, Literatur und Politik wie Albert Camus, Hannah Arendt, Willy Brandt und Winston Churchill. In mehr als 20 Jahren habe ich ein &hellip; <a href=\"https:\/\/malatelier-ulla-attenberger.eu\/?page_id=10\" class=\"more-link\"><span class=\"screen-reader-text\">Vorstellung<\/span> weiterlesen<\/a><\/p>\n","protected":false},"author":1,"featured_media":0,"parent":0,"menu_order":2,"comment_status":"closed","ping_status":"closed","template":"","meta":{"footnotes":""},"class_list":["post-10","page","type-page","status-publish","hentry"],"_links":{"self":[{"href":"https:\/\/malatelier-ulla-attenberger.eu\/index.php?rest_route=\/wp\/v2\/pages\/10","targetHints":{"allow":["GET"]}}],"collection":[{"href":"https:\/\/malatelier-ulla-attenberger.eu\/index.php?rest_route=\/wp\/v2\/pages"}],"about":[{"href":"https:\/\/malatelier-ulla-attenberger.eu\/index.php?rest_route=\/wp\/v2\/types\/page"}],"author":[{"embeddable":true,"href":"https:\/\/malatelier-ulla-attenberger.eu\/index.php?rest_route=\/wp\/v2\/users\/1"}],"replies":[{"embeddable":true,"href":"https:\/\/malatelier-ulla-attenberger.eu\/index.php?rest_route=%2Fwp%2Fv2%2Fcomments&post=10"}],"version-history":[{"count":16,"href":"https:\/\/malatelier-ulla-attenberger.eu\/index.php?rest_route=\/wp\/v2\/pages\/10\/revisions"}],"predecessor-version":[{"id":332,"href":"https:\/\/malatelier-ulla-attenberger.eu\/index.php?rest_route=\/wp\/v2\/pages\/10\/revisions\/332"}],"wp:attachment":[{"href":"https:\/\/malatelier-ulla-attenberger.eu\/index.php?rest_route=%2Fwp%2Fv2%2Fmedia&parent=10"}],"curies":[{"name":"wp","href":"https:\/\/api.w.org\/{rel}","templated":true}]}}